{"id":98,"date":"2023-07-23T02:05:28","date_gmt":"2023-07-23T02:05:28","guid":{"rendered":"http:\/\/anchietasadvogados.com.br\/?page_id=98"},"modified":"2024-11-07T22:09:34","modified_gmt":"2024-11-08T01:09:34","slug":"areas-de-atuacao","status":"publish","type":"page","link":"https:\/\/anchietasadvogados.com.br\/index.php\/areas-de-atuacao\/","title":{"rendered":"\u00c1reas de Atua\u00e7\u00e3o"},"content":{"rendered":"<div>Aqui, entenderemos seus diretos<\/div>\n<h1>Explore mais sobre nossas especialidades<\/h1>\n<ul>\n<li>\n<p><img decoding=\"async\" src=\"\/wp-content\/uploads\/2023\/07\/photo-1616286608358-0e1b143f7d2f-scaled-1.jpeg\" alt=\"\"><\/p>\n<h2>Direito Previdenci\u00e1rio<\/h2>\n<div>\n<p>Atuamos em Direito Previdenci\u00e1rio para auxiliar nossos clientes na obten\u00e7\u00e3o de benef\u00edcios, revis\u00e3o de aposentadorias e demais direitos previdenci\u00e1rios. Com profundo conhecimento nas normas vigentes, buscamos garantir que cada cliente tenha o respaldo necess\u00e1rio em seu planejamento de futuro.<\/p>\n<\/div>\n<p><a href=\"https:\/\/wa.me\/5511968709818?text=Ol\u00e1,%20tenho%20interesse%20em%20seus%20servi\u00e7os\">Fale Conosco<\/a><\/p>\n<\/li>\n<li>\n<p><img decoding=\"async\" src=\"\/wp-content\/uploads\/2023\/09\/home02_worker.jpg\" alt=\"\"><\/p>\n<h2>Direito Trabalhista<\/h2>\n<div>\n<p>No Direito Trabalhista, oferecemos suporte tanto para empregadores quanto para empregados, lidando com demandas como rescis\u00f5es, indeniza\u00e7\u00f5es, v\u00ednculos trabalhistas e acordos. Nossa atua\u00e7\u00e3o visa assegurar que todas as partes envolvidas tenham seus direitos respeitados e que as rela\u00e7\u00f5es de trabalho sejam conduzidas de forma \u00e9tica e justa.<\/p>\n<\/div>\n<p><a href=\"https:\/\/wa.me\/5511968709818?text=Ol\u00e1,%20tenho%20interesse%20em%20seus%20servi\u00e7os\">Fale Conosco<\/a><\/p>\n<\/li>\n<li>\n<p><img decoding=\"async\" src=\"\/wp-content\/uploads\/photo-1628191013085-990d39ec25b8-1-scaled.jpg\" alt=\"\"><\/p>\n<h2>Direto de Fam\u00edlia<\/h2>\n<div>Lorem ipsum dolor sit amet, consectetuer adipiscing elit, sed diam nonummy nibh euismod tincidunt ut laoreet dolore magna aliquam erat volutpat. Ut wisi enim ad minim veniam, quis nostrud exerci tation ullamcorper suscipit lobortis nisl ut aliquip&#8230;<\/div>\n<p><a href=\"https:\/\/wa.me\/5511968709818?text=Ol\u00e1,%20tenho%20interesse%20em%20seus%20servi\u00e7os\">Fale Conosco<\/a><\/p>\n<\/li>\n<li>\n<p><img decoding=\"async\" src=\"\/wp-content\/uploads\/photo-1556745753-b2904692b3cd-scaled.jpg\" alt=\"\"><\/p>\n<h2>Direito do Consumidor<\/h2>\n<div>\n<p>Nossa equipe est\u00e1 preparada para defender os direitos dos consumidores e tamb\u00e9m orientar empresas a atuarem em conformidade com o C\u00f3digo de Defesa do Consumidor, promovendo rela\u00e7\u00f5es justas e equilibradas entre fornecedores e clientes.<\/p>\n<\/div>\n<p><a href=\"https:\/\/wa.me\/5511968709818?text=Ol\u00e1,%20tenho%20interesse%20em%20seus%20servi\u00e7os\">Fale Conosco<\/a><\/p>\n<\/li>\n<li>\n<p><img decoding=\"async\" src=\"\/wp-content\/uploads\/photo-1454165804606-c3d57bc86b40-scaled.jpg\" alt=\"\"><\/p>\n<h2>Direto Civil<\/h2>\n<div>\n<p>Nossa atua\u00e7\u00e3o em Direito Civil abrange quest\u00f5es relacionadas a contratos, obriga\u00e7\u00f5es, responsabilidade civil e demais aspectos do cotidiano jur\u00eddico. Buscamos sempre solu\u00e7\u00f5es personalizadas e eficientes para garantir a defesa dos seus interesses e a resolu\u00e7\u00e3o de conflitos de maneira justa e segura.<\/p>\n<\/div>\n<p><a href=\"https:\/\/wa.me\/5511968709818?text=Ol\u00e1,%20tenho%20interesse%20em%20seus%20servi\u00e7os\">Fale Conosco<\/a><\/p>\n<\/li>\n<li>\n<p><img decoding=\"async\" src=\"\/wp-content\/uploads\/photo-1537511446984-935f663eb1f4-scaled.jpg\" alt=\"\"><\/p>\n<h2>Consultoria Jur\u00eddica<\/h2>\n<div>\n<p>Oferecemos consultoria jur\u00eddica completa, com orienta\u00e7\u00f5es estrat\u00e9gicas para empresas e pessoas f\u00edsicas. Nosso objetivo \u00e9 antecipar riscos, proteger direitos e proporcionar o suporte necess\u00e1rio para decis\u00f5es seguras e fundamentadas em cada etapa.<\/p>\n<\/div>\n<p><a href=\"https:\/\/wa.me\/5511968709818?text=Ol\u00e1,%20tenho%20interesse%20em%20seus%20servi\u00e7os\">Fale Conosco<\/a><\/p>\n<\/li>\n<li>\n<p><img decoding=\"async\" src=\"\/wp-content\/uploads\/photo-1527613426441-4da17471b66d.jpg\" alt=\"\"><\/p>\n<h2>Atua\u00e7\u00e3o em Conselhos Regionais de Classe<\/h2>\n<div>\n<p>Oferecemos informa\u00e7\u00f5es e servi\u00e7os especializados para Conselhos Regionais de Classe, como CRM, CREA, CREFITO, CRO-SP, CRA, CRP, CRC, OAB-SP, entre outros. Apoiamos a regulamenta\u00e7\u00e3o profissional e o atendimento \u00e0s normas e legisla\u00e7\u00f5es vigentes, contribuindo para a valoriza\u00e7\u00e3o e seguran\u00e7a de cada categoria e para o fortalecimento da atua\u00e7\u00e3o de conselhos e profissionais.\u201d<\/p>\n<\/div>\n<p><a href=\"https:\/\/wa.me\/5511968709818?text=Ol\u00e1,%20tenho%20interesse%20em%20seus%20servi\u00e7os\">Fale Conosco<\/a><\/p>\n<\/li>\n<\/ul>\n<p><!--more--><br \/>\n<!-- {\"type\":\"layout\",\"children\":[{\"type\":\"section\",\"props\":{\"header_transparent\":true,\"header_transparent_noplaceholder\":true,\"height\":\"viewport\",\"height_offset_top\":true,\"height_viewport\":80,\"image\":\"wp-content\\\/uploads\\\/photo-1504384308090-c894fdcc538d-scaled.jpg\",\"image_effect\":\"parallax\",\"image_loading\":true,\"image_parallax_bgy\":\"-5vh,4vh\",\"image_parallax_easing\":\"1\",\"image_position\":\"center-center\",\"image_size\":\"cover\",\"image_width\":\"2560\",\"media_overlay\":\"rgba(0, 0, 0, 0.52)\",\"padding\":\"xlarge\",\"style\":\"default\",\"text_color\":\"light\",\"title_breakpoint\":\"xl\",\"title_position\":\"top-left\",\"title_rotation\":\"left\",\"vertical_align\":\"middle\",\"video_width\":\"2560\",\"width\":\"large\"},\"children\":[{\"type\":\"row\",\"props\":{\"margin\":\"remove-vertical\"},\"children\":[{\"type\":\"column\",\"props\":{\"image_position\":\"center-center\",\"position_sticky_breakpoint\":\"m\",\"width_medium\":\"1-1\"},\"children\":[{\"type\":\"headline\",\"props\":{\"content\":\"Aqui, entenderemos seus diretos\",\"margin\":\"small\",\"text_align\":\"center\",\"title_element\":\"div\",\"title_font_family\":\"tertiary\",\"title_style\":\"h3\"}},{\"type\":\"headline\",\"props\":{\"block_align\":\"center\",\"content\":\"Explore mais sobre nossas especialidades\",\"margin_remove_top\":true,\"maxwidth\":\"2xlarge\",\"text_align\":\"center\",\"title_element\":\"h1\",\"title_style\":\"heading-medium\"}}]}]}],\"name\":\"Hero\"},{\"type\":\"section\",\"props\":{\"image_position\":\"center-center\",\"style\":\"default\",\"title_breakpoint\":\"xl\",\"title_position\":\"top-left\",\"title_rotation\":\"left\",\"vertical_align\":\"\",\"width\":\"large\"},\"children\":[{\"type\":\"row\",\"children\":[{\"type\":\"column\",\"props\":{\"image_position\":\"center-center\",\"position_sticky_breakpoint\":\"m\"},\"children\":[{\"type\":\"grid\",\"props\":{\"content_column_breakpoint\":\"m\",\"filter_align\":\"left\",\"filter_all\":true,\"filter_grid_breakpoint\":\"m\",\"filter_grid_width\":\"auto\",\"filter_position\":\"top\",\"filter_style\":\"tab\",\"grid_column_gap\":\"large\",\"grid_default\":\"1\",\"grid_medium\":\"2\",\"grid_row_gap\":\"large\",\"icon_width\":80,\"image_align\":\"top\",\"image_grid_breakpoint\":\"m\",\"image_grid_width\":\"1-2\",\"image_link\":true,\"image_svg_color\":\"emphasis\",\"image_width\":\"900\",\"item_animation\":true,\"link_margin\":\"medium\",\"link_style\":\"default\",\"link_text\":\"Read More\",\"margin\":\"default\",\"meta_align\":\"below-title\",\"meta_element\":\"div\",\"meta_style\":\"text-meta\",\"panel_expand\":\"content\",\"parallax_easing\":\"1\",\"show_content\":true,\"show_image\":true,\"show_link\":true,\"show_meta\":true,\"show_title\":true,\"title_align\":\"top\",\"title_element\":\"h2\",\"title_grid_breakpoint\":\"m\",\"title_grid_width\":\"1-2\",\"title_hover_style\":\"reset\",\"title_link\":true,\"title_margin\":\"medium\"},\"children\":[{\"type\":\"grid_item\",\"props\":{\"content\":\"\n\n<p>Atuamos em Direito Previdenci\\u00e1rio para auxiliar nossos clientes na obten\\u00e7\\u00e3o de benef\\u00edcios, revis\\u00e3o de aposentadorias e demais direitos previdenci\\u00e1rios. Com profundo conhecimento nas normas vigentes, buscamos garantir que cada cliente tenha o respaldo necess\\u00e1rio em seu planejamento de futuro.<\\\/p>\",\"image\":\"wp-content\\\/uploads\\\/2023\\\/07\\\/photo-1616286608358-0e1b143f7d2f-scaled-1.jpeg\",\"item_element\":\"article\",\"link\":\"https:\\\/\\\/wa.me\\\/5511968709818?text=Ol\\u00e1,%20tenho%20interesse%20em%20seus%20servi\\u00e7os\",\"link_text\":\"Fale Conosco\",\"title\":\"Direito Previdenci\\u00e1rio\"}},{\"type\":\"grid_item\",\"props\":{\"content\":\"\n\n<p>No Direito Trabalhista, oferecemos suporte tanto para empregadores quanto para empregados, lidando com demandas como rescis\\u00f5es, indeniza\\u00e7\\u00f5es, v\\u00ednculos trabalhistas e acordos. Nossa atua\\u00e7\\u00e3o visa assegurar que todas as partes envolvidas tenham seus direitos respeitados e que as rela\\u00e7\\u00f5es de trabalho sejam conduzidas de forma \\u00e9tica e justa.<\\\/p>\",\"image\":\"wp-content\\\/uploads\\\/2023\\\/09\\\/home02_worker.jpg\",\"item_element\":\"article\",\"link\":\"https:\\\/\\\/wa.me\\\/5511968709818?text=Ol\\u00e1,%20tenho%20interesse%20em%20seus%20servi\\u00e7os\",\"link_text\":\"Fale Conosco\",\"title\":\"Direito Trabalhista\"}},{\"type\":\"grid_item\",\"props\":{\"content\":\"Lorem ipsum dolor sit amet, consectetuer adipiscing elit, sed diam nonummy nibh euismod tincidunt ut laoreet dolore magna aliquam erat volutpat. Ut wisi enim ad minim veniam, quis nostrud exerci tation ullamcorper suscipit lobortis nisl ut aliquip...\",\"image\":\"wp-content\\\/uploads\\\/photo-1628191013085-990d39ec25b8-1-scaled.jpg\",\"item_element\":\"article\",\"link\":\"https:\\\/\\\/wa.me\\\/5511968709818?text=Ol\\u00e1,%20tenho%20interesse%20em%20seus%20servi\\u00e7os\",\"link_text\":\"Fale Conosco\",\"title\":\"Direto de Fam\\u00edlia\"}},{\"type\":\"grid_item\",\"props\":{\"content\":\"\n\n<p>Nossa equipe est\\u00e1 preparada para defender os direitos dos consumidores e tamb\\u00e9m orientar empresas a atuarem em conformidade com o C\\u00f3digo de Defesa do Consumidor, promovendo rela\\u00e7\\u00f5es justas e equilibradas entre fornecedores e clientes.<\\\/p>\",\"image\":\"wp-content\\\/uploads\\\/photo-1556745753-b2904692b3cd-scaled.jpg\",\"item_element\":\"article\",\"link\":\"https:\\\/\\\/wa.me\\\/5511968709818?text=Ol\\u00e1,%20tenho%20interesse%20em%20seus%20servi\\u00e7os\",\"link_text\":\"Fale Conosco\",\"title\":\"Direito do Consumidor\"}},{\"type\":\"grid_item\",\"props\":{\"content\":\"\n\n<p>Nossa atua\\u00e7\\u00e3o em Direito Civil abrange quest\\u00f5es relacionadas a contratos, obriga\\u00e7\\u00f5es, responsabilidade civil e demais aspectos do cotidiano jur\\u00eddico. Buscamos sempre solu\\u00e7\\u00f5es personalizadas e eficientes para garantir a defesa dos seus interesses e a resolu\\u00e7\\u00e3o de conflitos de maneira justa e segura.<\\\/p>\",\"image\":\"wp-content\\\/uploads\\\/photo-1454165804606-c3d57bc86b40-scaled.jpg\",\"item_element\":\"article\",\"link\":\"https:\\\/\\\/wa.me\\\/5511968709818?text=Ol\\u00e1,%20tenho%20interesse%20em%20seus%20servi\\u00e7os\",\"link_text\":\"Fale Conosco\",\"title\":\"Direto Civil\"}},{\"type\":\"grid_item\",\"props\":{\"content\":\"\n\n<p>Oferecemos consultoria jur\\u00eddica completa, com orienta\\u00e7\\u00f5es estrat\\u00e9gicas para empresas e pessoas f\\u00edsicas. Nosso objetivo \\u00e9 antecipar riscos, proteger direitos e proporcionar o suporte necess\\u00e1rio para decis\\u00f5es seguras e fundamentadas em cada etapa.<\\\/p>\",\"image\":\"wp-content\\\/uploads\\\/photo-1537511446984-935f663eb1f4-scaled.jpg\",\"item_element\":\"article\",\"link\":\"https:\\\/\\\/wa.me\\\/5511968709818?text=Ol\\u00e1,%20tenho%20interesse%20em%20seus%20servi\\u00e7os\",\"link_text\":\"Fale Conosco\",\"title\":\"Consultoria Jur\\u00eddica\"}},{\"type\":\"grid_item\",\"props\":{\"content\":\"\n\n<p>Oferecemos informa\\u00e7\\u00f5es e servi\\u00e7os especializados para Conselhos Regionais de Classe, como CRM, CREA, CREFITO, CRO-SP, CRA, CRP, CRC, OAB-SP, entre outros. Apoiamos a regulamenta\\u00e7\\u00e3o profissional e o atendimento \\u00e0s normas e legisla\\u00e7\\u00f5es vigentes, contribuindo para a valoriza\\u00e7\\u00e3o e seguran\\u00e7a de cada categoria e para o fortalecimento da atua\\u00e7\\u00e3o de conselhos e profissionais.\\u201d<\\\/p>\",\"image\":\"wp-content\\\/uploads\\\/photo-1527613426441-4da17471b66d.jpg\",\"item_element\":\"article\",\"link\":\"https:\\\/\\\/wa.me\\\/5511968709818?text=Ol\\u00e1,%20tenho%20interesse%20em%20seus%20servi\\u00e7os\",\"link_text\":\"Fale Conosco\",\"title\":\"Atua\\u00e7\\u00e3o em Conselhos Regionais de Classe\"}}]},{\"type\":\"pagination\",\"props\":{\"margin\":\"xlarge\",\"pagination_type\":\"numeric\",\"text_align\":\"center\"}}]}]}],\"name\":\"Posts\"}],\"version\":\"4.3.13\"} --><\/p>\n","protected":false},"excerpt":{"rendered":"<p>Aqui, entenderemos seus diretos Explore mais sobre nossas especialidades Direito Previdenci\u00e1rio Atuamos em Direito Previdenci\u00e1rio para auxiliar nossos clientes na obten\u00e7\u00e3o de benef\u00edcios, revis\u00e3o de aposentadorias e demais direitos previdenci\u00e1rios. Com profundo conhecimento nas normas vigentes, buscamos garantir que cada cliente tenha o respaldo necess\u00e1rio em seu planejamento de futuro. Fale Conosco Direito Trabalhista No [&hellip;]<\/p>\n","protected":false},"author":1,"featured_media":0,"parent":0,"menu_order":0,"comment_status":"closed","ping_status":"closed","template":"","meta":{"footnotes":""},"class_list":["post-98","page","type-page","status-publish","hentry"],"_links":{"self":[{"href":"https:\/\/anchietasadvogados.com.br\/index.php\/wp-json\/wp\/v2\/pages\/98","targetHints":{"allow":["GET"]}}],"collection":[{"href":"https:\/\/anchietasadvogados.com.br\/index.php\/wp-json\/wp\/v2\/pages"}],"about":[{"href":"https:\/\/anchietasadvogados.com.br\/index.php\/wp-json\/wp\/v2\/types\/page"}],"author":[{"embeddable":true,"href":"https:\/\/anchietasadvogados.com.br\/index.php\/wp-json\/wp\/v2\/users\/1"}],"replies":[{"embeddable":true,"href":"https:\/\/anchietasadvogados.com.br\/index.php\/wp-json\/wp\/v2\/comments?post=98"}],"version-history":[{"count":2,"href":"https:\/\/anchietasadvogados.com.br\/index.php\/wp-json\/wp\/v2\/pages\/98\/revisions"}],"predecessor-version":[{"id":272,"href":"https:\/\/anchietasadvogados.com.br\/index.php\/wp-json\/wp\/v2\/pages\/98\/revisions\/272"}],"wp:attachment":[{"href":"https:\/\/anchietasadvogados.com.br\/index.php\/wp-json\/wp\/v2\/media?parent=98"}],"curies":[{"name":"wp","href":"https:\/\/api.w.org\/{rel}","templated":true}]}}