{"id":102,"date":"2023-07-23T02:05:28","date_gmt":"2023-07-23T02:05:28","guid":{"rendered":"http:\/\/anchietasadvogados.com.br\/?page_id=102"},"modified":"2023-11-08T15:01:33","modified_gmt":"2023-11-08T18:01:33","slug":"quem-somos","status":"publish","type":"page","link":"https:\/\/anchietasadvogados.com.br\/index.php\/quem-somos\/","title":{"rendered":"Quem Somos"},"content":{"rendered":"<div>Advogados<\/div>\n<h1>Conhe\u00e7a um pouco mais sobre nosso time<\/h1>\n<div>Nosso objetivo \u00e9 oferecer a advocacia de forma simples e descomplicada, priorizando o atendimento personalizado para todos. <\/div>\n<ul>\n<li>\n<p>        <img decoding=\"async\" src=\"\/wp-content\/uploads\/2023\/07\/dra_edna-scaled.jpg\" alt=\"\"><\/p>\n<h2>Edna Anchieta<\/h2>\n<p>S\u00f3cia Fundadora <\/p>\n<div>\n<p><mailto><strong>edna@anchietasadvogados.com.br<\/strong><\/mailto><\/p>\n<p><span>Dra. Edna \u00e9 graduada em Direito desde 2007 e possui P\u00f3s-Gradua\u00e7\u00e3o em Direito Previdenci\u00e1rio. Atua com processos administrativos junto ao INSS h\u00e1 mais de 15 anos, com expertise em Concilia\u00e7\u00e3o e Media\u00e7\u00e3o, al\u00e9m de possuir amplo conhecimento em Registros P\u00fablicos<\/span><\/p>\n<\/div>\n<p><a href=\"#\"><span uk-icon=\"icon: arrow-right; ratio: 1.4\"><\/span><\/a><\/p>\n<\/li>\n<li>\n<p>        <img decoding=\"async\" src=\"\/wp-content\/uploads\/2023\/07\/dr_herbert-scaled.jpg\" alt=\"\"><\/p>\n<h2>Herbert Anchieta<\/h2>\n<p> Advogado  &#8211; S\u00f3cio Fundador<\/p>\n<div>\n<p><mailto><strong>herbert@anchietasadvogados.com.br<\/strong><\/mailto><\/p>\n<p>\nDr. Herbert \u00e9 graduado em direto desde 2012, \u00e9 P\u00f3s Graduado em Direito do Trabalho e Processo do Trabalho. Fez Especiliza\u00e7\u00e3o em Direito do Consumidor voltado ao Direito Banc\u00e1rio com ampla atua\u00e7\u00e3o no Direito de Fam\u00edlia e Sucess\u00f5es.<\/p>\n<\/div>\n<p><a href=\"#\"><span uk-icon=\"icon: arrow-right; ratio: 1.4\"><\/span><\/a><\/p>\n<\/li>\n<li>\n<p>        <img decoding=\"async\" src=\"\/wp-content\/uploads\/2023\/07\/dra_Marilia-scaled.jpg\" alt=\"\"><\/p>\n<h2>Marilia Ribeiro<\/h2>\n<p>Advogada &#8211; Partner<\/p>\n<div>\n<p><mailto><strong>marilia@anchietasadvogados.com.br<\/strong><\/mailto><\/p>\n<p>\nDra. Marilia \u00e9 graduada em Direito desde 2010, P\u00f3s-Graduada em Processo Civil, com expertise no Contencioso C\u00edvel, Trabalhista e an\u00e1lises de contratos.<\/p>\n<\/div>\n<p><a href=\"#\"><span uk-icon=\"icon: arrow-right; ratio: 1.4\"><\/span><\/a><\/p>\n<\/li>\n<li>\n<p>        <img decoding=\"async\" src=\"\/wp-content\/uploads\/2023\/07\/dra_Cristiane-scaled.jpg\" alt=\"\"><\/p>\n<h2>Cristiane Marques<\/h2>\n<p>Advogada &#8211; Partner<\/p>\n<div>\n<p><mailto><strong>cristiane@anchietasadvogados.com.br<\/strong><\/mailto><\/p>\n<p>\nDra. Cristiane \u00e9 graduada em Direito desde 2013, P\u00f3s-Graduada em Direito Tribut\u00e1rio, com expertise em resolu\u00e7\u00f5es extrajudiciais, mediante representa\u00e7\u00e3o perante reparti\u00e7\u00f5es p\u00fablicas.<\/p>\n<\/div>\n<p><a href=\"#\"><span uk-icon=\"icon: arrow-right; ratio: 1.4\"><\/span><\/a><\/p>\n<\/li>\n<\/ul>\n<h2>Agende a sua consulta.<br \/>Conte conosco.<\/h2>\n<div>Atendimentos de Segunda a Sexta das 10h \u00e0s 16h<\/div>\n<p>\n    <a href=\"#\">11  5666 5181<\/a>\n<\/p>\n<p><!--more--><br \/>\n<!-- {\"type\":\"layout\",\"children\":[{\"type\":\"section\",\"props\":{\"image_position\":\"center-center\",\"padding\":\"small\",\"padding_remove_bottom\":true,\"style\":\"default\",\"title_breakpoint\":\"xl\",\"title_position\":\"top-left\",\"title_rotation\":\"left\",\"vertical_align\":\"middle\",\"width\":\"expand\"},\"children\":[{\"type\":\"row\",\"children\":[{\"type\":\"column\",\"props\":{\"image_position\":\"center-center\",\"position_sticky_breakpoint\":\"m\",\"vertical_align\":\"middle\",\"width_medium\":\"expand\"}},{\"type\":\"column\",\"props\":{\"image_position\":\"center-center\",\"position_sticky_breakpoint\":\"m\",\"vertical_align\":\"middle\",\"width_medium\":\"2-5\"},\"children\":[{\"type\":\"headline\",\"props\":{\"content\":\"Advogados\",\"text_align\":\"center\",\"title_color\":\"primary\",\"title_element\":\"div\",\"title_style\":\"h4\"}},{\"type\":\"headline\",\"props\":{\"content\":\"Conhe\\u00e7a um pouco mais sobre nosso time\",\"margin\":\"small\",\"text_align\":\"center\",\"title_element\":\"h1\",\"title_style\":\"heading-small\"}},{\"type\":\"text\",\"props\":{\"block_align\":\"center\",\"column_breakpoint\":\"m\",\"content\":\"Nosso objetivo \\u00e9 oferecer a advocacia de forma simples e descomplicada, priorizando o atendimento personalizado para todos. \",\"margin\":\"default\",\"maxwidth\":\"xlarge\",\"text_align\":\"center\",\"text_style\":\"large\"}}]},{\"type\":\"column\",\"props\":{\"image_position\":\"center-center\",\"position_sticky_breakpoint\":\"m\",\"vertical_align\":\"middle\",\"width_medium\":\"expand\"}}],\"props\":{\"layout\":\"1-3,1-3,1-3\"}}],\"name\":\"Hero\"},{\"type\":\"section\",\"props\":{\"image_position\":\"center-center\",\"padding_remove_bottom\":true,\"padding_remove_top\":false,\"style\":\"default\",\"title_breakpoint\":\"xl\",\"title_position\":\"top-left\",\"title_rotation\":\"left\",\"vertical_align\":\"middle\",\"width\":\"\"},\"children\":[{\"type\":\"row\",\"children\":[{\"type\":\"column\",\"props\":{\"image_position\":\"center-center\",\"position_sticky_breakpoint\":\"m\"},\"children\":[{\"type\":\"grid\",\"props\":{\"content_column_breakpoint\":\"m\",\"filter_align\":\"left\",\"filter_all\":true,\"filter_grid_breakpoint\":\"m\",\"filter_grid_width\":\"auto\",\"filter_position\":\"top\",\"filter_style\":\"tab\",\"grid_default\":\"1\",\"grid_medium\":\"2\",\"icon_width\":80,\"image_align\":\"left\",\"image_grid_breakpoint\":\"\",\"image_grid_width\":\"2-5\",\"image_link\":false,\"image_loading\":true,\"image_svg_color\":\"emphasis\",\"image_vertical_align\":true,\"image_width\":\"610\",\"item_animation\":true,\"link_margin\":\"xlarge\",\"link_style\":\"default\",\"link_text\":\"<span uk-icon=\\\"icon: arrow-right; ratio: 1.4\\\"><\\\/span>\",\"margin\":\"default\",\"meta_align\":\"below-title\",\"meta_color\":\"primary\",\"meta_element\":\"div\",\"meta_margin\":\"small\",\"meta_style\":\"h6\",\"panel_image_no_padding\":true,\"panel_link\":true,\"panel_padding\":\"default\",\"panel_style\":\"card-default\",\"parallax_easing\":\"1\",\"position\":\"relative\",\"position_z_index\":\"1\",\"show_content\":true,\"show_image\":true,\"show_link\":true,\"show_meta\":true,\"show_title\":true,\"title_align\":\"top\",\"title_element\":\"h2\",\"title_grid_breakpoint\":\"m\",\"title_grid_width\":\"1-2\",\"title_hover_style\":\"reset\",\"title_link\":false,\"title_style\":\"h3\"},\"children\":[{\"type\":\"grid_item\",\"props\":{\"content\":\"\n\n<p><mailto><strong>edna@anchietasadvogados.com.br<\\\/strong><\\\/mailto><\\\/p>\\n\n\n<p><span>Dra. Edna \\u00e9 graduada em Direito desde 2007 e possui P\\u00f3s-Gradua\\u00e7\\u00e3o em Direito Previdenci\\u00e1rio. Atua com processos administrativos junto ao INSS h\\u00e1 mais de 15 anos, com expertise em Concilia\\u00e7\\u00e3o e Media\\u00e7\\u00e3o, al\\u00e9m de possuir amplo conhecimento em Registros P\\u00fablicos<\\\/span><\\\/p>\",\"image\":\"wp-content\\\/uploads\\\/2023\\\/07\\\/dra_edna-scaled.jpg\",\"link\":\"#\",\"meta\":\"S\\u00f3cia Fundadora \",\"title\":\"Edna Anchieta\"}},{\"type\":\"grid_item\",\"props\":{\"content\":\"\n\n<p><mailto><strong>herbert@anchietasadvogados.com.br<\\\/strong><\\\/mailto><\\\/p> \n\n<p>\\nDr. Herbert \\u00e9 graduado em direto desde 2012, \\u00e9 P\\u00f3s Graduado em Direito do Trabalho e Processo do Trabalho. Fez Especiliza\\u00e7\\u00e3o em Direito do Consumidor voltado ao Direito Banc\\u00e1rio com ampla atua\\u00e7\\u00e3o no Direito de Fam\\u00edlia e Sucess\\u00f5es.\\n\\n<\\\/p>\",\"image\":\"wp-content\\\/uploads\\\/2023\\\/07\\\/dr_herbert-scaled.jpg\",\"link\":\"#\",\"meta\":\" Advogado  - S\\u00f3cio Fundador\",\"title\":\"Herbert Anchieta\"}},{\"type\":\"grid_item\",\"props\":{\"content\":\"\n\n<p><mailto><strong>marilia@anchietasadvogados.com.br<\\\/strong><\\\/mailto><\\\/p> \n\n<p>\\nDra. Marilia \\u00e9 graduada em Direito desde 2010, P\\u00f3s-Graduada em Processo Civil, com expertise no Contencioso C\\u00edvel, Trabalhista e an\\u00e1lises de contratos.\\n\\n<\\\/p>\",\"image\":\"wp-content\\\/uploads\\\/2023\\\/07\\\/dra_Marilia-scaled.jpg\",\"link\":\"#\",\"meta\":\"Advogada - Partner\",\"title\":\"Marilia Ribeiro\"}},{\"type\":\"grid_item\",\"props\":{\"content\":\"\n\n<p><mailto><strong>cristiane@anchietasadvogados.com.br<\\\/strong><\\\/mailto><\\\/p> \n\n<p>\\nDra. Cristiane \\u00e9 graduada em Direito desde 2013, P\\u00f3s-Graduada em Direito Tribut\\u00e1rio, com expertise em resolu\\u00e7\\u00f5es extrajudiciais, mediante representa\\u00e7\\u00e3o perante reparti\\u00e7\\u00f5es p\\u00fablicas.\\n\\n<\\\/p>\",\"image\":\"wp-content\\\/uploads\\\/2023\\\/07\\\/dra_Cristiane-scaled.jpg\",\"link\":\"#\",\"meta\":\"Advogada - Partner\",\"title\":\"Cristiane Marques\"}}],\"modified\":\"2021-07-27T08:22:49.412Z\"}]}],\"props\":{\"width\":\"large\"}}],\"name\":\"Doctors\"},{\"type\":\"section\",\"props\":{\"image_position\":\"center-center\",\"padding\":\"large\",\"padding_remove_top\":false,\"status\":\"disabled\",\"style\":\"default\",\"title_breakpoint\":\"xl\",\"title_position\":\"top-left\",\"title_rotation\":\"left\",\"vertical_align\":\"middle\",\"width\":\"large\"},\"children\":[{\"type\":\"row\",\"props\":{\"layout\":\"1-3,2-3\"},\"children\":[{\"type\":\"column\",\"props\":{\"image_position\":\"center-center\",\"position_sticky_breakpoint\":\"m\",\"width_medium\":\"1-3\"},\"children\":[{\"type\":\"headline\",\"props\":{\"content\":\"Certificates and Rewards\",\"position\":\"relative\",\"position_z_index\":\"1\",\"text_align\":\"left\",\"text_align_breakpoint\":\"m\",\"text_align_fallback\":\"center\",\"title_element\":\"h2\"}}]},{\"type\":\"column\",\"props\":{\"image_position\":\"center-center\",\"position_sticky_breakpoint\":\"m\",\"width_medium\":\"2-3\"},\"children\":[{\"type\":\"grid\",\"props\":{\"content_column_breakpoint\":\"m\",\"filter_align\":\"left\",\"filter_all\":true,\"filter_grid_breakpoint\":\"m\",\"filter_grid_width\":\"auto\",\"filter_position\":\"top\",\"filter_style\":\"tab\",\"grid_column_align\":true,\"grid_default\":\"2\",\"grid_large\":\"6\",\"grid_medium\":\"\",\"grid_row_align\":true,\"grid_small\":\"3\",\"icon_width\":80,\"image_align\":\"top\",\"image_grid_breakpoint\":\"m\",\"image_grid_width\":\"1-2\",\"image_height\":\"60\",\"image_svg_color\":\"muted\",\"image_svg_inline\":true,\"item_animation\":true,\"link_style\":\"default\",\"link_text\":\"Read more\",\"margin\":\"default\",\"meta_align\":\"below-title\",\"meta_element\":\"div\",\"meta_style\":\"text-meta\",\"parallax_easing\":\"1\",\"position\":\"relative\",\"position_z_index\":\"1\",\"show_content\":true,\"show_image\":true,\"show_link\":true,\"show_meta\":true,\"show_title\":true,\"text_align\":\"center\",\"title_align\":\"top\",\"title_element\":\"h3\",\"title_grid_breakpoint\":\"m\",\"title_grid_width\":\"1-2\",\"title_hover_style\":\"reset\"},\"children\":[{\"type\":\"grid_item\",\"props\":{\"image\":\"wp-content\\\/uploads\\\/doctors-certificates-01.svg\"}},{\"type\":\"grid_item\",\"props\":{\"image\":\"wp-content\\\/uploads\\\/doctors-certificates-02.svg\"}},{\"type\":\"grid_item\",\"props\":{\"image\":\"wp-content\\\/uploads\\\/doctors-certificates-03.svg\"}},{\"type\":\"grid_item\",\"props\":{\"image\":\"wp-content\\\/uploads\\\/doctors-certificates-04.svg\"}},{\"type\":\"grid_item\",\"props\":{\"image\":\"wp-content\\\/uploads\\\/doctors-certificates-05.svg\"}},{\"type\":\"grid_item\",\"props\":{\"image\":\"wp-content\\\/uploads\\\/doctors-certificates-06.svg\"}}]}]}]}],\"name\":\"Certificates\"},{\"type\":\"section\",\"props\":{\"image\":\"wp-content\\\/uploads\\\/photo-1537511446984-935f663eb1f4-scaled.jpg\",\"image_focal_point\":\"top-center\",\"image_position\":\"top-center\",\"image_size\":\"cover\",\"image_width\":\"2560\",\"padding\":\"large\",\"style\":\"default\",\"text_color\":\"light\",\"title_breakpoint\":\"xl\",\"title_position\":\"top-left\",\"title_rotation\":\"left\",\"vertical_align\":\"middle\",\"width\":\"expand\"},\"children\":[{\"type\":\"row\",\"children\":[{\"type\":\"column\",\"props\":{\"image_position\":\"center-center\",\"position_sticky_breakpoint\":\"m\"},\"children\":[{\"type\":\"headline\",\"props\":{\"content\":\"Agende a sua consulta.<br \\\/>Conte conosco.\",\"maxwidth\":\"xlarge\",\"text_align\":\"left\",\"text_align_breakpoint\":\"s\",\"text_align_fallback\":\"center\",\"title_element\":\"h2\",\"title_style\":\"h1\"}},{\"type\":\"text\",\"props\":{\"column_breakpoint\":\"m\",\"content\":\"Atendimentos de Segunda a Sexta das 10h \\u00e0s 16h\",\"margin\":\"default\",\"maxwidth\":\"xlarge\",\"text_align\":\"left\",\"text_align_breakpoint\":\"s\",\"text_align_fallback\":\"center\",\"text_color\":\"emphasis\",\"text_style\":\"lead\"}},{\"type\":\"button\",\"props\":{\"button_size\":\"large\",\"grid_column_gap\":\"small\",\"grid_row_gap\":\"small\",\"margin\":\"medium\",\"text_align\":\"left\",\"text_align_breakpoint\":\"s\",\"text_align_fallback\":\"center\"},\"children\":[{\"type\":\"button_item\",\"props\":{\"button_style\":\"default\",\"content\":\"11  5666 5181\",\"icon_align\":\"left\",\"link\":\"#\"}}]}]}],\"props\":{\"width\":\"large\"}}],\"name\":\"Call to Action\",\"modified\":\"2021-07-23T15:22:17.975Z\"}],\"version\":\"4.0.7\"} --><\/p>\n","protected":false},"excerpt":{"rendered":"<p>Advogados Conhe\u00e7a um pouco mais sobre nosso time Nosso objetivo \u00e9 oferecer a advocacia de forma simples e descomplicada, priorizando o atendimento personalizado para todos. Edna Anchieta S\u00f3cia Fundadora edna@anchietasadvogados.com.br Dra. Edna \u00e9 graduada em Direito desde 2007 e possui P\u00f3s-Gradua\u00e7\u00e3o em Direito Previdenci\u00e1rio. Atua com processos administrativos junto ao INSS h\u00e1 mais de 15 [&hellip;]<\/p>\n","protected":false},"author":1,"featured_media":0,"parent":0,"menu_order":0,"comment_status":"closed","ping_status":"closed","template":"","meta":{"footnotes":""},"class_list":["post-102","page","type-page","status-publish","hentry"],"_links":{"self":[{"href":"https:\/\/anchietasadvogados.com.br\/index.php\/wp-json\/wp\/v2\/pages\/102","targetHints":{"allow":["GET"]}}],"collection":[{"href":"https:\/\/anchietasadvogados.com.br\/index.php\/wp-json\/wp\/v2\/pages"}],"about":[{"href":"https:\/\/anchietasadvogados.com.br\/index.php\/wp-json\/wp\/v2\/types\/page"}],"author":[{"embeddable":true,"href":"https:\/\/anchietasadvogados.com.br\/index.php\/wp-json\/wp\/v2\/users\/1"}],"replies":[{"embeddable":true,"href":"https:\/\/anchietasadvogados.com.br\/index.php\/wp-json\/wp\/v2\/comments?post=102"}],"version-history":[{"count":23,"href":"https:\/\/anchietasadvogados.com.br\/index.php\/wp-json\/wp\/v2\/pages\/102\/revisions"}],"predecessor-version":[{"id":258,"href":"https:\/\/anchietasadvogados.com.br\/index.php\/wp-json\/wp\/v2\/pages\/102\/revisions\/258"}],"wp:attachment":[{"href":"https:\/\/anchietasadvogados.com.br\/index.php\/wp-json\/wp\/v2\/media?parent=102"}],"curies":[{"name":"wp","href":"https:\/\/api.w.org\/{rel}","templated":true}]}}